{"id":1517,"date":"2025-04-17T14:51:19","date_gmt":"2025-04-17T18:51:19","guid":{"rendered":"https:\/\/westquebecers.ottawavalleymedia.ca\/privacy-policy\/"},"modified":"2025-08-09T14:38:05","modified_gmt":"2025-08-09T18:38:05","slug":"politique-de-confidentialite","status":"publish","type":"page","link":"https:\/\/westquebecers.ca\/fr\/politique-de-confidentialite\/","title":{"rendered":"Politique de confidentialit\u00e9"},"content":{"rendered":"\t\t<div data-elementor-type=\"wp-page\" data-elementor-id=\"1517\" class=\"elementor elementor-1517 elementor-3\" data-elementor-post-type=\"page\">\n\t\t\t\t<div class=\"elementor-element elementor-element-62da11dd e-flex e-con-boxed e-con e-parent\" data-id=\"62da11dd\" data-element_type=\"container\" data-e-type=\"container\">\n\t\t\t\t\t<div class=\"e-con-inner\">\n\t\t\t\t<div class=\"elementor-element elementor-element-e06c7d0 elementor-widget elementor-widget-text-editor\" data-id=\"e06c7d0\" data-element_type=\"widget\" data-e-type=\"widget\" data-widget_type=\"text-editor.default\">\n\t\t\t\t<div class=\"elementor-widget-container\">\n\t\t\t\t\t\t\t\t\t<p data-start=\"36\" data-end=\"526\">L\u2019Association r\u00e9gionale des Anglo-Qu\u00e9b\u00e9cois de l\u2019Ouest (RAWQ) s\u2019engage \u00e0 prot\u00e9ger les renseignements personnels des r\u00e9sidents, employ\u00e9s et de toute personne interagissant avec nous. Conform\u00e9ment \u00e0 la Loi 25 du Qu\u00e9bec (<em data-start=\"254\" data-end=\"356\">Loi modernisant des dispositions l\u00e9gislatives en mati\u00e8re de protection des renseignements personnels<\/em>), nous prenons les mesures appropri\u00e9es pour veiller \u00e0 ce que les donn\u00e9es personnelles soient recueillies, utilis\u00e9es et conserv\u00e9es de fa\u00e7on responsable et transparente.<\/p>\n<p data-start=\"533\" data-end=\"789\"><strong data-start=\"533\" data-end=\"572\">Renseignements que nous recueillons<\/strong><br data-start=\"572\" data-end=\"575\" \/>Nous pouvons recueillir des renseignements personnels tels que votre nom, adresse, num\u00e9ro de t\u00e9l\u00e9phone, adresse courriel ou tout autre renseignement n\u00e9cessaire pour offrir nos services ou r\u00e9pondre \u00e0 vos demandes.<\/p>\n<p data-start=\"796\" data-end=\"1113\"><strong data-start=\"796\" data-end=\"833\">Utilisation de vos renseignements<\/strong><br data-start=\"833\" data-end=\"836\" \/>Vos renseignements sont utilis\u00e9s \u00e0 des fins pr\u00e9cises et d\u00e9termin\u00e9es, comme traiter vos demandes, communiquer avec vous ou fournir des services publics. Ils peuvent aussi \u00eatre utilis\u00e9s pour respecter des obligations pr\u00e9vues par les lois municipales, provinciales ou f\u00e9d\u00e9rales.<\/p>\n<p data-start=\"1120\" data-end=\"1389\"><strong data-start=\"1120\" data-end=\"1136\">Consentement<\/strong><br data-start=\"1136\" data-end=\"1139\" \/>Nous recueillons vos renseignements personnels avec votre connaissance et votre consentement, sauf lorsque la loi nous autorise autrement. Vous pouvez retirer votre consentement en tout temps, sous r\u00e9serve de restrictions l\u00e9gales ou contractuelles.<\/p>\n<p data-start=\"1396\" data-end=\"1677\"><strong data-start=\"1396\" data-end=\"1459\">Utilisation de t\u00e9moins (<em data-start=\"1422\" data-end=\"1431\">cookies<\/em>) et suivi sur le site Web<\/strong><br data-start=\"1459\" data-end=\"1462\" \/>Notre site Web peut utiliser des t\u00e9moins et d\u2019autres technologies pour am\u00e9liorer l\u2019exp\u00e9rience utilisateur et analyser le trafic. Vous pouvez g\u00e9rer ou d\u00e9sactiver les t\u00e9moins dans les param\u00e8tres de votre navigateur.<\/p>\n<p data-start=\"1684\" data-end=\"2079\"><strong data-start=\"1684\" data-end=\"1718\">Fournisseurs de services tiers<\/strong><br data-start=\"1718\" data-end=\"1721\" \/>Dans certains cas, nous pouvons partager des renseignements personnels limit\u00e9s avec des fournisseurs de services tiers de confiance (comme des h\u00e9bergeurs Web ou des sous-traitants) afin d\u2019aider \u00e0 la prestation de services. Ces fournisseurs sont tenus de se conformer aux lois sur la protection des renseignements personnels et de prot\u00e9ger vos informations.<\/p>\n<p data-start=\"2086\" data-end=\"2380\"><strong data-start=\"2086\" data-end=\"2139\">\u00c9valuations des facteurs relatifs \u00e0 la vie priv\u00e9e<\/strong><br data-start=\"2139\" data-end=\"2142\" \/>Nous r\u00e9alisons des \u00e9valuations des facteurs relatifs \u00e0 la vie priv\u00e9e pour tout nouveau projet num\u00e9rique, syst\u00e8me ou service impliquant la collecte, l\u2019utilisation ou la conservation de renseignements personnels, conform\u00e9ment \u00e0 la Loi 25.<\/p>\n<p data-start=\"2387\" data-end=\"2748\"><strong data-start=\"2387\" data-end=\"2415\">S\u00e9curit\u00e9 et conservation<\/strong><br data-start=\"2415\" data-end=\"2418\" \/>Nous prenons des mesures de s\u00e9curit\u00e9 appropri\u00e9es pour prot\u00e9ger les renseignements personnels contre la perte, l\u2019acc\u00e8s non autoris\u00e9 ou l\u2019utilisation abusive. Les renseignements sont conserv\u00e9s uniquement le temps n\u00e9cessaire pour atteindre les objectifs pour lesquels ils ont \u00e9t\u00e9 recueillis ou pour respecter les exigences l\u00e9gales.<\/p>\n<p data-start=\"2755\" data-end=\"2984\"><strong data-start=\"2755\" data-end=\"2769\">Vos droits<\/strong><br data-start=\"2769\" data-end=\"2772\" \/>Vous avez le droit d\u2019acc\u00e9der \u00e0 vos renseignements personnels, de demander leur correction et d\u2019en exiger la suppression lorsque cela est possible. Vous pouvez \u00e9galement retirer votre consentement en tout temps.<\/p>\n<p data-start=\"2991\" data-end=\"3231\"><strong data-start=\"2991\" data-end=\"3009\">Contactez-nous<\/strong><br data-start=\"3009\" data-end=\"3012\" \/>Si vous avez des questions ou des pr\u00e9occupations concernant vos renseignements personnels, ou si vous souhaitez exercer vos droits, veuillez contacter notre responsable de la protection des renseignements personnels :<\/p>\n<p data-start=\"3233\" data-end=\"3367\">Alina Holmes<br data-start=\"3245\" data-end=\"3248\" \/>Directrice g\u00e9n\u00e9rale et responsable de la protection des renseignements personnels<br data-start=\"3329\" data-end=\"3332\" \/>Courriel : <strong data-start=\"3343\" data-end=\"3365\"><a class=\"cursor-pointer\" href=\"mailto:ed@westquebecers.ca\" rel=\"noopener\" data-start=\"3345\" data-end=\"3363\">ed@westquebecers.ca<\/a><\/strong><\/p>\t\t\t\t\t\t\t\t<\/div>\n\t\t\t\t<\/div>\n\t\t\t\t\t<\/div>\n\t\t\t\t<\/div>\n\t\t\t\t<\/div>\n\t\t","protected":false},"excerpt":{"rendered":"<p>L\u2019Association r\u00e9gionale des Anglo-Qu\u00e9b\u00e9cois de l\u2019Ouest (RAWQ) s\u2019engage \u00e0 prot\u00e9ger les renseignements personnels des r\u00e9sidents, employ\u00e9s et de toute personne interagissant avec nous. Conform\u00e9ment \u00e0 la Loi 25 du Qu\u00e9bec (Loi modernisant des dispositions l\u00e9gislatives en mati\u00e8re de protection des renseignements personnels), nous prenons les mesures appropri\u00e9es pour veiller \u00e0 ce que les donn\u00e9es personnelles [&hellip;]<\/p>\n","protected":false},"author":1,"featured_media":0,"parent":0,"menu_order":0,"comment_status":"closed","ping_status":"closed","template":"","meta":{"footnotes":""},"class_list":["post-1517","page","type-page","status-publish","hentry"],"_links":{"self":[{"href":"https:\/\/westquebecers.ca\/fr\/wp-json\/wp\/v2\/pages\/1517","targetHints":{"allow":["GET"]}}],"collection":[{"href":"https:\/\/westquebecers.ca\/fr\/wp-json\/wp\/v2\/pages"}],"about":[{"href":"https:\/\/westquebecers.ca\/fr\/wp-json\/wp\/v2\/types\/page"}],"author":[{"embeddable":true,"href":"https:\/\/westquebecers.ca\/fr\/wp-json\/wp\/v2\/users\/1"}],"replies":[{"embeddable":true,"href":"https:\/\/westquebecers.ca\/fr\/wp-json\/wp\/v2\/comments?post=1517"}],"version-history":[{"count":4,"href":"https:\/\/westquebecers.ca\/fr\/wp-json\/wp\/v2\/pages\/1517\/revisions"}],"predecessor-version":[{"id":1521,"href":"https:\/\/westquebecers.ca\/fr\/wp-json\/wp\/v2\/pages\/1517\/revisions\/1521"}],"wp:attachment":[{"href":"https:\/\/westquebecers.ca\/fr\/wp-json\/wp\/v2\/media?parent=1517"}],"curies":[{"name":"wp","href":"https:\/\/api.w.org\/{rel}","templated":true}]}}